{"id":649,"date":"2020-03-25T06:06:17","date_gmt":"2020-03-25T06:06:17","guid":{"rendered":"https:\/\/educhangenetwork.at\/home\/"},"modified":"2025-03-03T20:09:39","modified_gmt":"2025-03-03T20:09:39","slug":"home","status":"publish","type":"page","link":"https:\/\/educhangenetwork.at\/de\/","title":{"rendered":"Startseite"},"content":{"rendered":"<div class=\"wpb-content-wrapper\"><p>[vc_row anchor_wrap_section=&#8220;no&#8220; el_class=&#8220;slider-spacing&#8220;][vc_column][ts_hero_slider hero_slider=&#8220;14&#8243;][\/vc_column][\/vc_row][vc_row section_background_color=&#8220;#c1c4ce&#8220; motts_theme_padding=&#8220;no&#8220; el_class=&#8220;label-text-box-spacing&#8220;][vc_column][vc_row_inner el_class=&#8220;label-text-wrapper&#8220;][vc_column_inner width=&#8220;1\/3&#8243;][ts_label_text_box title=&#8220;Digitale Erm\u00e4chtigung&#8220; readmore_link=&#8220;https:\/\/educhangenetwork.at\/de\/aktivitaeten\/&#8220;]Bridging Digital Divides: Workshops and initiatives to boost digital literacy and safe internet use among migrants and underrepresented communities.[\/ts_label_text_box][\/vc_column_inner][vc_column_inner width=&#8220;1\/3&#8243;][ts_label_text_box title=&#8220;Unterst\u00fctzung f\u00fcr Familie und Gemeinschaft&#8220; readmore_link=&#8220;https:\/\/educhangenetwork.at\/de\/aktivitaeten\/&#8220;]Engagement f\u00fcr die Gemeinschaft: Erleichterung der sozialen Anpassung und Verbesserung der F\u00e4higkeiten zur nachhaltigen Entwicklung der Gemeinschaft durch interaktive Seminare und Workshops.[\/ts_label_text_box][\/vc_column_inner][vc_column_inner width=&#8220;1\/3&#8243;][ts_label_text_box title=&#8220;Bildungsexzellenz&#8220; readmore_link=&#8220;https:\/\/educhangenetwork.at\/de\/aktivitaeten\/&#8220;]Innovative Teaching and STEAM: Seminars and workshops introducing innovative teaching methods and STEAM education, focusing on environmental sustainability.<\/p>\n<div id=\"gtx-trans\" style=\"position: absolute; left: 166px; top: 86px;\">\n<div class=\"gtx-trans-icon\"><\/div>\n<\/div>\n<p>[\/ts_label_text_box][\/vc_column_inner][\/vc_row_inner][\/vc_column][\/vc_row][vc_row use_container=&#8220;yes&#8220;][vc_column][ts_section_title tagline=&#8220;EduChange Network mit Sitz im Herzen Wiens leistet Pionierarbeit f\u00fcr die Zukunft der Bildung durch umfassende Initiativen, die auf Bildungsinnovation, soziale Integration und digitale Integration abzielen. Wir sind bestrebt, verschiedene Lerngemeinschaften, einschlie\u00dflich Migranten, Familien und P\u00e4dagogen, zu unterst\u00fctzen, um sicherzustellen, dass niemand in der sich schnell entwickelnden digitalen Landschaft zur\u00fcckgelassen wird.&#8220; title=&#8220;\u00dcber EduChange Network&#8220;][ts_section_title tagline=&#8220;Wir integrieren KI-gest\u00fctzte Tools, digitale Plattformen und interaktive Lernmethoden, um Bildung zug\u00e4nglicher und ansprechender zu gestalten. Durch die Kombination von nicht-formalem Lernen, Mentoring und digitaler Innovation gew\u00e4hrleisten wir eine langfristige Wirkung und bef\u00e4higen Individuen, sich als aktive B\u00fcrger:innen und zukunftsorientierte Fachkr\u00e4fte zu entwickeln.&#8220;][vc_row_inner][vc_column_inner width=&#8220;1\/4&#8243;][ts_image_content_box image=&#8220;634&#8243; title=&#8220;Innovation&#8220; description=&#8220;Wir suchen st\u00e4ndig nach neuen Ans\u00e4tzen f\u00fcr Bildung und Lernen und stellen sicher, dass unsere Methoden relevant und wirkungsvoll sind.&#8220;][\/vc_column_inner][vc_column_inner width=&#8220;1\/4&#8243;][ts_image_content_box image=&#8220;425&#8243; title=&#8220;Inklusivit\u00e4t&#8220; description=&#8220;Im Mittelpunkt unseres Auftrags steht die Verpflichtung, Chancen f\u00fcr alle zu schaffen, unabh\u00e4ngig von ihrer Herkunft, und sicherzustellen, dass Bildung ein Recht und kein Privileg ist.&#8220;][\/vc_column_inner][vc_column_inner width=&#8220;1\/4&#8243;][ts_image_content_box image=&#8220;427&#8243; title=&#8220;Kollaboration&#8220; description=&#8220;Wir glauben an die Kraft von Partnerschaften und gesellschaftlichem Engagement und arbeiten mit P\u00e4dagogen, Familien und Organisationen zusammen, um unsere Wirkung zu verst\u00e4rken.&#8220;][\/vc_column_inner][vc_column_inner width=&#8220;1\/4&#8243;][ts_image_content_box image=&#8220;429&#8243; title=&#8220;Nachhaltigkeit&#8220; description=&#8220;Unsere Initiativen sind auf die Zukunft ausgerichtet und zielen darauf ab, den Umweltschutz und nachhaltige Gemeinschaftspraktiken zu f\u00f6rdern.&#8220;][\/vc_column_inner][\/vc_row_inner][\/vc_column][\/vc_row][vc_row motts_theme_padding=&#8220;no&#8220; use_container=&#8220;yes&#8220; css=&#8220;.vc_custom_1711452800687{padding-top: 50px !important;}&#8220;][vc_column][ts_cta_banner image=&#8220;487&#8243; title=&#8220;Gemeinsam k\u00f6nnen wir eine bessere Zukunft gestalten&#8220; description=&#8220;Wir von EduChange Network glauben an die Kraft der Bildung, die soziale Integration, den Zusammenhalt der Gemeinschaft und lebenslanges Lernen f\u00f6rdert. Durch unsere gezielten Programme, Workshops und gemeinsamen Bem\u00fchungen bauen wir ein \u00d6kosystem auf, in dem jeder, unabh\u00e4ngig von seiner Herkunft, die M\u00f6glichkeit hat, zu lernen, zu wachsen und zu einer integrativeren Gesellschaft beizutragen.&#8220;][\/vc_column][\/vc_row]<\/p>\n<\/div>","protected":false},"excerpt":{"rendered":"<p>[vc_row anchor_wrap_section=&#8220;no&#8220; el_class=&#8220;slider-spacing&#8220;][vc_column][ts_hero_slider hero_slider=&#8220;14&#8243;][\/vc_column][\/vc_row][vc_row section_background_color=&#8220;#c1c4ce&#8220; motts_theme_padding=&#8220;no&#8220; el_class=&#8220;label-text-box-spacing&#8220;][vc_column][vc_row_inner el_class=&#8220;label-text-wrapper&#8220;][vc_column_inner width=&#8220;1\/3&#8243;][ts_label_text_box title=&#8220;Digitale Erm\u00e4chtigung&#8220; readmore_link=&#8220;https:\/\/educhangenetwork.at\/de\/aktivitaeten\/&#8220;]Bridging Digital Divides: Workshops and initiatives to boost digital literacy and safe internet use among migrants and underrepresented communities.[\/ts_label_text_box][\/vc_column_inner][vc_column_inner width=&#8220;1\/3&#8243;][ts_label_text_box title=&#8220;Unterst\u00fctzung f\u00fcr Familie und Gemeinschaft&#8220; readmore_link=&#8220;https:\/\/educhangenetwork.at\/de\/aktivitaeten\/&#8220;]Engagement f\u00fcr die Gemeinschaft: Erleichterung der sozialen Anpassung und Verbesserung der F\u00e4higkeiten zur nachhaltigen Entwicklung der Gemeinschaft durch interaktive [&hellip;]<\/p>\n","protected":false},"author":1,"featured_media":0,"parent":0,"menu_order":0,"comment_status":"closed","ping_status":"closed","template":"page-builder.php","meta":{"footnotes":""},"class_list":["post-649","page","type-page","status-publish","hentry"],"acf":[],"_links":{"self":[{"href":"https:\/\/educhangenetwork.at\/de\/wp-json\/wp\/v2\/pages\/649","targetHints":{"allow":["GET"]}}],"collection":[{"href":"https:\/\/educhangenetwork.at\/de\/wp-json\/wp\/v2\/pages"}],"about":[{"href":"https:\/\/educhangenetwork.at\/de\/wp-json\/wp\/v2\/types\/page"}],"author":[{"embeddable":true,"href":"https:\/\/educhangenetwork.at\/de\/wp-json\/wp\/v2\/users\/1"}],"replies":[{"embeddable":true,"href":"https:\/\/educhangenetwork.at\/de\/wp-json\/wp\/v2\/comments?post=649"}],"version-history":[{"count":7,"href":"https:\/\/educhangenetwork.at\/de\/wp-json\/wp\/v2\/pages\/649\/revisions"}],"predecessor-version":[{"id":703,"href":"https:\/\/educhangenetwork.at\/de\/wp-json\/wp\/v2\/pages\/649\/revisions\/703"}],"wp:attachment":[{"href":"https:\/\/educhangenetwork.at\/de\/wp-json\/wp\/v2\/media?parent=649"}],"curies":[{"name":"wp","href":"https:\/\/api.w.org\/{rel}","templated":true}]}}