{"id":642,"date":"2024-03-25T13:12:22","date_gmt":"2024-03-25T13:12:22","guid":{"rendered":"https:\/\/educhangenetwork.at\/legal-disclaimer\/"},"modified":"2024-04-01T12:29:25","modified_gmt":"2024-04-01T12:29:25","slug":"haftungsausschluss","status":"publish","type":"page","link":"https:\/\/educhangenetwork.at\/de\/haftungsausschluss\/","title":{"rendered":"Haftungsausschluss"},"content":{"rendered":"<div class=\"wpb-content-wrapper\"><p>[vc_row use_container=&#8220;yes&#8220;][vc_column][ts_section_title title=&#8220;Haftungsausschluss&#8220; tagline=&#8220;Die auf dieser Website bereitgestellten Informationen dienen ausschlie\u00dflich allgemeinen Informationszwecken. Obwohl wir bestrebt sind, die Informationen aktuell und genau zu halten, geben wir keinerlei ausdr\u00fcckliche oder stillschweigende Zusicherungen oder Gew\u00e4hrleistungen hinsichtlich der Vollst\u00e4ndigkeit, Genauigkeit, Zuverl\u00e4ssigkeit, Eignung oder Verf\u00fcgbarkeit der Website oder der Informationen, Produkte, Dienstleistungen oder zugeh\u00f6rige Grafiken, die auf der Website enthalten sind, zu irgendeinem Zweck. Jegliches Vertrauen auf solche Informationen erfolgt daher ausschlie\u00dflich auf Ihr eigenes Risiko.&#8220;][\/vc_column][\/vc_row]<\/p>\n<\/div>","protected":false},"excerpt":{"rendered":"<p>[vc_row use_container=&#8220;yes&#8220;][vc_column][ts_section_title title=&#8220;Haftungsausschluss&#8220; tagline=&#8220;Die auf dieser Website bereitgestellten Informationen dienen ausschlie\u00dflich allgemeinen Informationszwecken. Obwohl wir bestrebt sind, die Informationen aktuell und genau zu halten, geben wir keinerlei ausdr\u00fcckliche oder stillschweigende Zusicherungen oder Gew\u00e4hrleistungen hinsichtlich der Vollst\u00e4ndigkeit, Genauigkeit, Zuverl\u00e4ssigkeit, Eignung oder Verf\u00fcgbarkeit der Website oder der Informationen, Produkte, Dienstleistungen oder zugeh\u00f6rige Grafiken, die auf der Website [&hellip;]<\/p>\n","protected":false},"author":1,"featured_media":0,"parent":0,"menu_order":0,"comment_status":"closed","ping_status":"closed","template":"page-builder.php","meta":{"footnotes":""},"class_list":["post-642","page","type-page","status-publish","hentry"],"acf":[],"_links":{"self":[{"href":"https:\/\/educhangenetwork.at\/de\/wp-json\/wp\/v2\/pages\/642","targetHints":{"allow":["GET"]}}],"collection":[{"href":"https:\/\/educhangenetwork.at\/de\/wp-json\/wp\/v2\/pages"}],"about":[{"href":"https:\/\/educhangenetwork.at\/de\/wp-json\/wp\/v2\/types\/page"}],"author":[{"embeddable":true,"href":"https:\/\/educhangenetwork.at\/de\/wp-json\/wp\/v2\/users\/1"}],"replies":[{"embeddable":true,"href":"https:\/\/educhangenetwork.at\/de\/wp-json\/wp\/v2\/comments?post=642"}],"version-history":[{"count":2,"href":"https:\/\/educhangenetwork.at\/de\/wp-json\/wp\/v2\/pages\/642\/revisions"}],"predecessor-version":[{"id":644,"href":"https:\/\/educhangenetwork.at\/de\/wp-json\/wp\/v2\/pages\/642\/revisions\/644"}],"wp:attachment":[{"href":"https:\/\/educhangenetwork.at\/de\/wp-json\/wp\/v2\/media?parent=642"}],"curies":[{"name":"wp","href":"https:\/\/api.w.org\/{rel}","templated":true}]}}