{"id":639,"date":"2020-03-26T14:08:37","date_gmt":"2020-03-26T14:08:37","guid":{"rendered":"https:\/\/educhangenetwork.at\/activities\/"},"modified":"2025-03-03T20:26:13","modified_gmt":"2025-03-03T20:26:13","slug":"aktivitaeten","status":"publish","type":"page","link":"https:\/\/educhangenetwork.at\/de\/aktivitaeten\/","title":{"rendered":"Aktivit\u00e4ten"},"content":{"rendered":"<div class=\"wpb-content-wrapper\"><p>[vc_row use_container=&#8220;yes&#8220;][vc_column][ts_section_title tagline=&#8220;EduChange Network f\u00f6rdert Bildungsinnovationen, soziale Eingliederung und digitale Integration. Unsere Initiativen erstrecken sich \u00fcber wichtige Bereiche und gew\u00e4hrleisten eine umfassende Unterst\u00fctzung und Entwicklung der Gemeinschaft, wobei wir uns insbesondere auf Sch\u00fcler, Familien und Lehrkr\u00e4fte mit Migrationshintergrund konzentrieren. Entdecken Sie, wie wir einen Unterschied machen:&#8220; title=&#8220;AKTIVIT\u00c4TEN&#8220;][vc_row_inner][vc_column_inner width=&#8220;1\/3&#8243;][ts_image_content_box image=&#8220;707&#8243; title=&#8220;Erweiterung nachhaltiger Kompetenzen&#8220;][vc_column_text css=&#8220;&#8220;]<strong>Gr\u00fcnes Lernen f\u00fcr Jugendliche:<\/strong> Praxisnahe Workshops, die junge Menschen mit nachhaltigen Methoden und Prinzipien der Kreislaufwirtschaft ausstatten.<\/p>\n<p><strong>Umweltbewusstes Leadership:<\/strong> Trainingsprogramme, die Jugendliche dazu bef\u00e4higen, lokale Nachhaltigkeitsinitiativen zu leiten und Umweltver\u00e4nderungen voranzutreiben.[\/vc_column_text][\/vc_column_inner][vc_column_inner width=&#8220;1\/3&#8243;][ts_image_content_box image=&#8220;709&#8243; title=&#8220;F\u00f6rderung von Medien- &#038; Digitalkompetenz&#8220;][vc_column_text css=&#8220;&#8220;]<strong>Kritisches Denken im digitalen Zeitalter:<\/strong> Interaktive Sitzungen zur St\u00e4rkung der Medienkompetenz, Faktenpr\u00fcfung und Sensibilisierung f\u00fcr Desinformation.<\/p>\n<p><strong>Ethisches Verhalten im Netz:<\/strong> Schulungen zu verantwortungsbewusstem digitalen Handeln, Online-Sicherheit und sicherer Informationsverarbeitung.[\/vc_column_text][\/vc_column_inner][vc_column_inner width=&#8220;1\/3&#8243;][ts_image_content_box image=&#8220;711&#8243; title=&#8220;St\u00e4rkung von Inklusion &#038; sozialer Teilhabe&#8220;][vc_column_text css=&#8220;&#8220;]<strong>Empowerment durch Bildung:<\/strong> Programme zur Unterst\u00fctzung der Integration von Migrant:innen und Frauen durch Bildung, Mentoring und Kompetenzentwicklung.<\/p>\n<p><strong>Aktive B\u00fcrgerschaft &amp; sozialer Wandel:<\/strong> Initiativen zur F\u00f6rderung gemeindebasierter Teilhabe und Engagement f\u00fcr soziale und \u00f6kologische Themen.[\/vc_column_text][\/vc_column_inner][\/vc_row_inner][vc_row_inner][vc_column_inner width=&#8220;1\/3&#8243;][ts_image_content_box image=&#8220;439&#8243; title=&#8220;Digitale Erm\u00e4chtigung&#8220;][vc_column_text]<strong>F\u00f6rderung der digitalen Kompetenz:<\/strong> Workshops zur Verbesserung der digitalen F\u00e4higkeiten und der Internetsicherheit von Migranten und unterrepr\u00e4sentierten Gruppen.<\/p>\n<p><strong>Zugang zum Lernen:<\/strong> Nutzung von Online-Plattformen f\u00fcr barrierefreie Bildung und Besch\u00e4ftigungsf\u00f6rderung.[\/vc_column_text][\/vc_column_inner][vc_column_inner width=&#8220;1\/3&#8243;][ts_image_content_box image=&#8220;443&#8243; title=&#8220;Unterst\u00fctzung der Gemeinschaft&#8220;][vc_column_text]<strong>Digitale Navigation:<\/strong> Programme zur Unterst\u00fctzung von Familien in der digitalen Welt, mit Schwerpunkt auf der Rolle der Eltern bei der technischen Erziehung.<\/p>\n<p><strong>St\u00e4rkung der Gemeinschaftsbande:<\/strong> Interaktive Seminare f\u00fcr die soziale Integration und die Entwicklung von F\u00e4higkeiten f\u00fcr die Gemeinschaft.<\/p>\n<div id=\"gtx-trans\" style=\"position: absolute; left: -13px; top: 78px;\">\n<div class=\"gtx-trans-icon\"><\/div>\n<\/div>\n<p>[\/vc_column_text][\/vc_column_inner][vc_column_inner width=&#8220;1\/3&#8243;][ts_image_content_box image=&#8220;445&#8243; title=&#8220;Bildungsexzellenz&#8220;][vc_column_text]<strong>STEAM und Innovation:<\/strong> Einf\u00fchrung von innovativem STEAM-Unterricht mit Schwerpunkt auf \u00f6kologischer Nachhaltigkeit.<\/p>\n<p><strong>Entwicklung von Jugendarbeitern:<\/strong> Schulung in kritischem Denken und Dialogf\u00e4higkeit, um Fehlinformationen entgegenzuwirken.[\/vc_column_text][\/vc_column_inner][\/vc_row_inner][vc_empty_space][vc_row_inner][vc_column_inner width=&#8220;1\/3&#8243;][ts_image_content_box image=&#8220;447&#8243; title=&#8220;Medienkompetenz&#8220;][vc_column_text]<strong>Kampf gegen Fake News:<\/strong> Verbesserung der Medienkompetenz zur Bek\u00e4mpfung von Fehlinformationen, in Zusammenarbeit mit Experten aus den Bereichen Technik und soziale Medien.<\/p>\n<p><strong>Kritisches Online-Engagement:<\/strong> Lehrstrategien f\u00fcr die kritische Auseinandersetzung mit Online-Inhalten.<\/p>\n<div id=\"gtx-trans\" style=\"position: absolute; left: -31px; top: 78px;\">\n<div class=\"gtx-trans-icon\"><\/div>\n<\/div>\n<p>[\/vc_column_text][\/vc_column_inner][vc_column_inner width=&#8220;1\/3&#8243;][ts_image_content_box image=&#8220;449&#8243; title=&#8220;Umweltma\u00dfnahmen&#8220;][vc_column_text]<strong>F\u00f6rderung der Nachhaltigkeit:<\/strong> Workshops zu nachhaltiger Lebensweise und Umweltverantwortung.<\/p>\n<p><strong>Gr\u00fcne Kompetenzen f\u00fcr die Zukunft:<\/strong> Verankerung der Umweltverantwortung in der Bildung f\u00fcr nachhaltige Entwicklung.<\/p>\n<div id=\"gtx-trans\" style=\"position: absolute; left: -5px; top: 54px;\">\n<div class=\"gtx-trans-icon\"><\/div>\n<\/div>\n<p>[\/vc_column_text][\/vc_column_inner][vc_column_inner width=&#8220;1\/3&#8243;][ts_image_content_box image=&#8220;451&#8243; title=&#8220;Unterst\u00fctzung der Karriere&#8220;][vc_column_text]<strong>Karrieredienste f\u00fcr alle:<\/strong> Besch\u00e4ftigungshilfe, Unterst\u00fctzung bei der Arbeitssuche und Entwicklung eines Portfolios f\u00fcr NEETs und Migranten.<\/p>\n<p><strong>Besch\u00e4ftigungsm\u00f6glichkeiten:<\/strong> F\u00f6rderung von interkulturellem Lernen und integrativen Besch\u00e4ftigungsinitiativen.<\/p>\n<div id=\"gtx-trans\" style=\"position: absolute; left: -69px; top: 54px;\">\n<div class=\"gtx-trans-icon\"><\/div>\n<\/div>\n<p>[\/vc_column_text][\/vc_column_inner][\/vc_row_inner][vc_empty_space][vc_row_inner][vc_column_inner width=&#8220;1\/3&#8243;][ts_image_content_box image=&#8220;513&#8243; title=&#8220;Gesundheit und Wohlbefinden&#8220;][vc_column_text]<strong>Sensibilisierung f\u00fcr psychische Gesundheit:<\/strong> F\u00f6rderung des Bewusstseins f\u00fcr psychische Gesundheit und digitales Wohlbefinden unter den Mitgliedern der Gemeinschaft, mit Schwerpunkt auf Strategien zum Umgang mit dem digitalen Konsum.<\/p>\n<p><strong>K\u00f6rperliche Gesundheit und digitale Tools:<\/strong> Nutzung digitaler Tools und Apps zur F\u00f6rderung von k\u00f6rperlicher Aktivit\u00e4t und gesunder Lebensweise, Integration von Technologie und Wellness.<\/p>\n<div id=\"gtx-trans\" style=\"position: absolute; left: 291px; top: 102px;\">\n<div class=\"gtx-trans-icon\"><\/div>\n<\/div>\n<p>[\/vc_column_text][\/vc_column_inner][vc_column_inner width=&#8220;1\/3&#8243;][ts_image_content_box image=&#8220;453&#8243; title=&#8220;Kulturelle Ausdrucksformen&#8220;][vc_column_text]<strong>Digitale Kreativit\u00e4ts-Workshops:<\/strong> Moderation von Workshops, die sich mit digitaler Kunstgestaltung befassen und die Technologie zur F\u00f6rderung des k\u00fcnstlerischen Ausdrucks und des kulturellen Engagements nutzen.<\/p>\n<p><strong>Kulturelles Erbe und Technologie:<\/strong> F\u00f6rderung der Erforschung des kulturellen Erbes mit Hilfe von Technologie, F\u00f6rderung der Nutzung digitaler Plattformen zum Kennenlernen und Bewahren verschiedener Kulturen.<\/p>\n<div id=\"gtx-trans\" style=\"position: absolute; left: -116px; top: 78px;\">\n<div class=\"gtx-trans-icon\"><\/div>\n<\/div>\n<p>[\/vc_column_text][\/vc_column_inner][vc_column_inner width=&#8220;1\/3&#8243;][ts_image_content_box image=&#8220;516&#8243; title=&#8220;Soziales Unternehmertum&#8220;][vc_column_text]<strong>Workshops zum Unternehmertum:<\/strong> Jugendliche und Gemeinschaften mit Migrationshintergrund sollen dazu angeregt werden, Unternehmen zu gr\u00fcnden, die das kulturelle Erbe ehren und traditionelles Handwerk mit Unternehmertum verbinden.<\/p>\n<p><strong>Digitale Marktpl\u00e4tze:<\/strong> F\u00f6rderung digitaler Marktpl\u00e4tze f\u00fcr Unternehmer zum Verkauf von G\u00fctern und Dienstleistungen des kulturellen Erbes, um das Wirtschaftswachstum zu unterst\u00fctzen.<\/p>\n<div id=\"gtx-trans\" style=\"position: absolute; left: -55px; top: 102px;\">\n<div class=\"gtx-trans-icon\"><\/div>\n<\/div>\n<p>[\/vc_column_text][\/vc_column_inner][\/vc_row_inner][vc_empty_space height=&#8220;42px&#8220;][ts_section_title tagline=&#8220;Unsere breit gef\u00e4cherten Initiativen spiegeln das Engagement des EduChange Network f\u00fcr eine integrative, informierte und nachhaltige Gesellschaft wider. Unser Ziel ist es, durch gezielte Programme, Workshops und gemeinsame Anstrengungen ein \u00d6kosystem zu schaffen, in dem Bildung ein Eckpfeiler f\u00fcr Selbstbestimmung, gemeinschaftlichen Zusammenhalt und lebenslanges Lernen ist. Helfen Sie uns, etwas zu bewegen.&#8220;][\/vc_column][\/vc_row]<\/p>\n<\/div>","protected":false},"excerpt":{"rendered":"<p>[vc_row use_container=&#8220;yes&#8220;][vc_column][ts_section_title tagline=&#8220;EduChange Network f\u00f6rdert Bildungsinnovationen, soziale Eingliederung und digitale Integration. Unsere Initiativen erstrecken sich \u00fcber wichtige Bereiche und gew\u00e4hrleisten eine umfassende Unterst\u00fctzung und Entwicklung der Gemeinschaft, wobei wir uns insbesondere auf Sch\u00fcler, Familien und Lehrkr\u00e4fte mit Migrationshintergrund konzentrieren. Entdecken Sie, wie wir einen Unterschied machen:&#8220; title=&#8220;AKTIVIT\u00c4TEN&#8220;][vc_row_inner][vc_column_inner width=&#8220;1\/3&#8243;][ts_image_content_box image=&#8220;707&#8243; title=&#8220;Erweiterung nachhaltiger Kompetenzen&#8220;][vc_column_text css=&#8220;&#8220;]Gr\u00fcnes Lernen f\u00fcr [&hellip;]<\/p>\n","protected":false},"author":1,"featured_media":0,"parent":0,"menu_order":0,"comment_status":"closed","ping_status":"closed","template":"page-builder.php","meta":{"footnotes":""},"class_list":["post-639","page","type-page","status-publish","hentry"],"acf":[],"_links":{"self":[{"href":"https:\/\/educhangenetwork.at\/de\/wp-json\/wp\/v2\/pages\/639","targetHints":{"allow":["GET"]}}],"collection":[{"href":"https:\/\/educhangenetwork.at\/de\/wp-json\/wp\/v2\/pages"}],"about":[{"href":"https:\/\/educhangenetwork.at\/de\/wp-json\/wp\/v2\/types\/page"}],"author":[{"embeddable":true,"href":"https:\/\/educhangenetwork.at\/de\/wp-json\/wp\/v2\/users\/1"}],"replies":[{"embeddable":true,"href":"https:\/\/educhangenetwork.at\/de\/wp-json\/wp\/v2\/comments?post=639"}],"version-history":[{"count":3,"href":"https:\/\/educhangenetwork.at\/de\/wp-json\/wp\/v2\/pages\/639\/revisions"}],"predecessor-version":[{"id":714,"href":"https:\/\/educhangenetwork.at\/de\/wp-json\/wp\/v2\/pages\/639\/revisions\/714"}],"wp:attachment":[{"href":"https:\/\/educhangenetwork.at\/de\/wp-json\/wp\/v2\/media?parent=639"}],"curies":[{"name":"wp","href":"https:\/\/api.w.org\/{rel}","templated":true}]}}