{"id":630,"date":"2020-03-26T14:08:20","date_gmt":"2020-03-26T14:08:20","guid":{"rendered":"https:\/\/educhangenetwork.at\/about-us\/"},"modified":"2025-03-03T20:11:17","modified_gmt":"2025-03-03T20:11:17","slug":"about-us","status":"publish","type":"page","link":"https:\/\/educhangenetwork.at\/de\/about-us\/","title":{"rendered":"\u00dcber uns"},"content":{"rendered":"<div class=\"wpb-content-wrapper\"><p>[vc_row use_container=&#8220;yes&#8220;][vc_column][ts_section_title title=&#8220;Wer wir sind&#8220; tagline=&#8220;EduChange Network, mit Sitz in der pulsierenden Stadt Wien, steht an der Spitze der Bildungsreform. Unsere Organisation setzt sich f\u00fcr die Neudefinition von Bildungsmodellen ein, um sie zeitgem\u00e4\u00dfer, inklusiver und auf die Anforderungen des digitalen Zeitalters abgestimmt zu machen. Wir glauben an die transformative Kraft der Bildung, die gesellschaftliche Kl\u00fcfte \u00fcberbr\u00fcckt und den Menschen die Werkzeuge an die Hand gibt, die sie f\u00fcr den Erfolg in einer sich rasch entwickelnden Welt ben\u00f6tigen.&#8220;][ts_image fancybox=&#8220;yes&#8220; image=&#8220;509&#8243;][vc_row_inner css=&#8220;.vc_custom_1585462279817{margin-top: 30px !important;}&#8220;][vc_column_inner offset=&#8220;vc_col-md-6&#8243;][ts_text_box]<\/p>\n<h3><strong>Unser Auftrag<\/strong><\/h3>\n<p>Wir wollen vielf\u00e4ltige Lerngemeinschaften durch innovative nicht-formale Bildungs- und Ausbildungsm\u00f6glichkeiten st\u00e4rken. Wir konzentrieren uns auf die Beseitigung von Bildungs- und Besch\u00e4ftigungsbarrieren f\u00fcr unterrepr\u00e4sentierte Gruppen, darunter Arbeitslose, NEETs, Migranten und Minderheiten, und f\u00f6rdern so soziale Eingliederung, Gleichberechtigung und lebenslanges Lernen.[\/ts_text_box][\/vc_column_inner][vc_column_inner offset=&#8220;vc_col-md-6&#8243;][ts_text_box]<\/p>\n<h3><strong>Unsere Vision<\/strong><\/h3>\n<p>Eine Welt, in der jeder Einzelne Zugang zu Bildung hat, die nicht nur relevant und zukunftsorientiert ist, sondern auch tief in der F\u00f6rderung des sozialen Fortschritts, der Gleichberechtigung und der Inklusivit\u00e4t verwurzelt ist. Wir stellen uns eine Gesellschaft vor, in der Bildung der Eckpfeiler f\u00fcr die nachhaltige Entwicklung der Gemeinschaft und die digitale Integration ist und mit den umfassenderen Zielen der EU-Politik in den Bereichen Bildung, Besch\u00e4ftigung und Unternehmertum in Einklang steht.<\/p>\n<div id=\"gtx-trans\" style=\"position: absolute; left: 32px; top: -6.28125px;\">\n<div class=\"gtx-trans-icon\"><\/div>\n<\/div>\n<p>[\/ts_text_box][\/vc_column_inner][\/vc_row_inner][vc_row_inner][vc_column_inner css=&#8220;.vc_custom_1711971391824{margin-bottom: -50px !important;}&#8220;][ts_section_title title=&#8220;Unsere Grundwerte&#8220;][\/vc_column_inner][vc_column_inner width=&#8220;1\/4&#8243;][ts_image_content_box image=&#8220;634&#8243; title=&#8220;Innovation&#8220; description=&#8220;Wir suchen st\u00e4ndig nach neuen Ans\u00e4tzen f\u00fcr Bildung und Lernen und stellen sicher, dass unsere Methoden relevant und wirkungsvoll sind.&#8220;][\/vc_column_inner][vc_column_inner width=&#8220;1\/4&#8243;][ts_image_content_box image=&#8220;425&#8243; title=&#8220;Inklusivit\u00e4t&#8220; description=&#8220;Im Mittelpunkt unseres Auftrags steht die Verpflichtung, Chancen f\u00fcr alle zu schaffen, unabh\u00e4ngig von ihrer Herkunft, und sicherzustellen, dass Bildung ein Recht und kein Privileg ist.&#8220;][\/vc_column_inner][vc_column_inner width=&#8220;1\/4&#8243;][ts_image_content_box image=&#8220;427&#8243; title=&#8220;Kollaboration&#8220; description=&#8220;Wir glauben an die Kraft von Partnerschaften und gesellschaftlichem Engagement und arbeiten mit P\u00e4dagogen, Familien und Organisationen zusammen, um unsere Wirkung zu verst\u00e4rken.&#8220;][\/vc_column_inner][vc_column_inner width=&#8220;1\/4&#8243;][ts_image_content_box image=&#8220;429&#8243; title=&#8220;Nachhaltigkeit&#8220; description=&#8220;Unsere Initiativen sind auf die Zukunft ausgerichtet und zielen darauf ab, den Umweltschutz und nachhaltige Gemeinschaftspraktiken zu f\u00f6rdern.&#8220;][\/vc_column_inner][\/vc_row_inner][vc_empty_space][vc_column_text css=&#8220;&#8220;]EduChange Network engagiert sich aktiv in EU-gef\u00f6rderten Projekten und erzielt Wirkung in den Bereichen Nachhaltigkeit, digitale Bildung, Medienkompetenz und soziale Inklusion. Durch transnationale Zusammenarbeit tragen wir zu europ\u00e4ischen Strategien wie dem Green Deal, dem Aktionsplan f\u00fcr digitale Bildung und den Priorit\u00e4ten f\u00fcr Inklusion und Vielfalt bei. Unsere Initiativen bef\u00e4higen junge Menschen, Frauen und Migrant:innen, sich den Herausforderungen einer sich schnell wandelnden Welt zu stellen.<\/p>\n<p>&nbsp;<\/p>\n<p>Wir integrieren KI-gest\u00fctzte Tools, digitale Plattformen und interaktive Lernmethoden, um Bildung zug\u00e4nglicher und attraktiver zu gestalten. Durch die Kombination von nicht-formalem Lernen, Mentoring und digitaler Innovation gew\u00e4hrleisten wir eine langfristige Wirkung unserer Programme und vermitteln den Teilnehmenden essenzielle Kompetenzen f\u00fcr aktive B\u00fcrgerschaft und Besch\u00e4ftigungsf\u00e4higkeit.<\/p>\n<p>&nbsp;<\/p>\n<p>EduChange Network arbeitet an der Schnittstelle von Bildung, Umweltverantwortung und sozialer Innovation. Unsere Projekte f\u00f6rdern Jugendinitiativen, gemeinschaftsbasierte Nachhaltigkeitsma\u00dfnahmen und inklusive Lernr\u00e4ume, um die gesellschaftliche Teilhabe zu st\u00e4rken und Chancengleichheit f\u00fcr alle zu gew\u00e4hrleisten.[\/vc_column_text][ts_section_title title=&#8220;Mitmachen&#8220; tagline=&#8220;We invite you to be part of our journey towards creating a more inclusive, educated, and empowered society. Whether through participating in our programs, volunteering, or supporting our mission, your contribution can make a significant difference. Together, we can shape a future where education is the key to unlocking potential and fostering a world of opportunities for all.&#8220;][\/vc_column][\/vc_row]<\/p>\n<\/div>","protected":false},"excerpt":{"rendered":"<p>[vc_row use_container=&#8220;yes&#8220;][vc_column][ts_section_title title=&#8220;Wer wir sind&#8220; tagline=&#8220;EduChange Network, mit Sitz in der pulsierenden Stadt Wien, steht an der Spitze der Bildungsreform. Unsere Organisation setzt sich f\u00fcr die Neudefinition von Bildungsmodellen ein, um sie zeitgem\u00e4\u00dfer, inklusiver und auf die Anforderungen des digitalen Zeitalters abgestimmt zu machen. Wir glauben an die transformative Kraft der Bildung, die gesellschaftliche Kl\u00fcfte [&hellip;]<\/p>\n","protected":false},"author":1,"featured_media":0,"parent":0,"menu_order":0,"comment_status":"closed","ping_status":"closed","template":"page-builder.php","meta":{"footnotes":""},"class_list":["post-630","page","type-page","status-publish","hentry"],"acf":[],"_links":{"self":[{"href":"https:\/\/educhangenetwork.at\/de\/wp-json\/wp\/v2\/pages\/630","targetHints":{"allow":["GET"]}}],"collection":[{"href":"https:\/\/educhangenetwork.at\/de\/wp-json\/wp\/v2\/pages"}],"about":[{"href":"https:\/\/educhangenetwork.at\/de\/wp-json\/wp\/v2\/types\/page"}],"author":[{"embeddable":true,"href":"https:\/\/educhangenetwork.at\/de\/wp-json\/wp\/v2\/users\/1"}],"replies":[{"embeddable":true,"href":"https:\/\/educhangenetwork.at\/de\/wp-json\/wp\/v2\/comments?post=630"}],"version-history":[{"count":6,"href":"https:\/\/educhangenetwork.at\/de\/wp-json\/wp\/v2\/pages\/630\/revisions"}],"predecessor-version":[{"id":704,"href":"https:\/\/educhangenetwork.at\/de\/wp-json\/wp\/v2\/pages\/630\/revisions\/704"}],"wp:attachment":[{"href":"https:\/\/educhangenetwork.at\/de\/wp-json\/wp\/v2\/media?parent=630"}],"curies":[{"name":"wp","href":"https:\/\/api.w.org\/{rel}","templated":true}]}}